{"id":481,"date":"2020-04-05T11:15:27","date_gmt":"2020-04-05T11:15:27","guid":{"rendered":"https:\/\/www.himyapinsaat.com\/2020\/?page_id=481"},"modified":"2021-11-23T13:52:34","modified_gmt":"2021-11-23T13:52:34","slug":"kunyemiz","status":"publish","type":"page","link":"https:\/\/www.himyapinsaat.com\/2020\/kunyemiz\/","title":{"rendered":"K\u00fcnyemiz"},"content":{"rendered":"[vc_row css=&#8221;.vc_custom_1586271200627{margin-bottom: 50px !important;}&#8221;][vc_column width=&#8221;2\/3&#8243;][vc_column_text][\/vc_column_text][vc_separator][vc_column_text]\n<p class=\"style15\"><strong><span class=\"style27\">Ticaret \u00dcnvan\u0131m\u0131z:<\/span><\/strong><\/p>\n<p class=\"auto-style22\"><span class=\"style18\"><strong>H\u0130M-YAP \u0130n\u015faat Tic.Ltd.\u015eti.<\/strong><\/span><\/p>\n<p class=\"style20\"><span class=\"style27\"><strong>Tebligat Adresimiz:<\/strong><\/span><span class=\"style18\"> \u0130stanbul Organize Deri San. B\u00f6lg. Yan Sanayi Geli\u015fim alan\u0131 Asort Sk. 17. Blok No:19-20 Tuzla \/ \u0130stanbul<\/span><\/p>\n<p class=\"style20\"><span class=\"style27\"><strong>Telefon:<\/strong><\/span><span class=\"auto-style23\">\u00a0 +90 216 591 0203\u00a0 &#8211; +90 532 504 4483<br \/>\n<\/span><\/p>\n<p class=\"style20\"><span class=\"style27\"><strong>E-Posta:<\/strong><\/span><span class=\"style18\"><span class=\"auto-style24\">\u00a0\u00a0\u00a0<\/span><\/span><span class=\"auto-style24\"><a href=\"mailto:info@himyapinsaat.com?subject=Bilgi%20i%C3%A7in\"><span class=\"style18\">info@himyapinsaat.com<\/span><\/a><\/span><\/p>\n<p class=\"auto-style16\"><span class=\"style27\"><strong>Vergi Dairesi \/ No:<\/strong><\/span><span class=\"style23\">\u00a0 K\u00fc\u00e7\u00fckyal\u0131 \/ 463 000 73 82<\/span><\/p>\n<p><span class=\"auto-style26\"><strong>Ticaret Sicil No:\u00a0 <\/strong>261692 \u0130stanbul T.O.<\/span><\/p>\n<p class=\"auto-style16\"><span class=\"style27\"><strong><span lang=\"tr\"><label>M\u00fcteahhitlik Sicil No :\u00a0\u00a0<\/label><\/span><\/strong><span lang=\"tr\">0034 3114 0871 4630<br \/>\n<\/span><\/span>[\/vc_column_text][\/vc_column][vc_column width=&#8221;1\/3&#8243;][vc_single_image image=&#8221;434&#8243; img_size=&#8221;full&#8221;][\/vc_column][\/vc_row][vc_row full_width=&#8221;stretch_row&#8221; css=&#8221;.vc_custom_1586013064505{margin-bottom: -50px !important;background-color: #ffc200 !important;}&#8221;][vc_column width=&#8221;5\/6&#8243; css=&#8221;.vc_custom_1469199173623{padding-top: 15px !important;padding-bottom: 15px !important;}&#8221;][vc_single_image image=&#8221;815&#8243; img_size=&#8221;full&#8221; alignment=&#8221;right&#8221;][\/vc_column][vc_column width=&#8221;1\/6&#8243;][vc_btn title=&#8221;PDF Bro\u015f\u00fcr&#8221; color=&#8221;black&#8221; align=&#8221;center&#8221; link=&#8221;url:https%3A%2F%2Fdrive.google.com%2Ffile%2Fd%2F1k9EHxmRIkVCE1tE1RRAdxYJzOzNOZyZ5%2Fview%3Fusp%3Dsharing||target:%20_blank|&#8221;][\/vc_column][\/vc_row]\n","protected":false},"excerpt":{"rendered":"<p>[vc_row css=&#8221;.vc_custom_1586271200627{margin-bottom: 50px !important;}&#8221;][vc_column width=&#8221;2\/3&#8243;][vc_column_text][\/vc_column_text][vc_separator][vc_column_text] Ticaret \u00dcnvan\u0131m\u0131z: H\u0130M-YAP \u0130n\u015faat Tic.Ltd.\u015eti. Tebligat Adresimiz: \u0130stanbul Organize Deri San. B\u00f6lg. Yan Sanayi Geli\u015fim alan\u0131 Asort Sk. 17. Blok No:19-20 Tuzla \/ \u0130stanbul Telefon:\u00a0 +90 216 591 0203\u00a0 &#8211; +90 532 504 4483 E-Posta:\u00a0\u00a0\u00a0info@himyapinsaat.com Vergi Dairesi \/ No:\u00a0 K\u00fc\u00e7\u00fckyal\u0131 \/ 463<\/p>\n","protected":false},"author":1,"featured_media":0,"parent":0,"menu_order":0,"comment_status":"closed","ping_status":"closed","template":"page-FullWidth.php","meta":[],"_links":{"self":[{"href":"https:\/\/www.himyapinsaat.com\/2020\/wp-json\/wp\/v2\/pages\/481"}],"collection":[{"href":"https:\/\/www.himyapinsaat.com\/2020\/wp-json\/wp\/v2\/pages"}],"about":[{"href":"https:\/\/www.himyapinsaat.com\/2020\/wp-json\/wp\/v2\/types\/page"}],"author":[{"embeddable":true,"href":"https:\/\/www.himyapinsaat.com\/2020\/wp-json\/wp\/v2\/users\/1"}],"replies":[{"embeddable":true,"href":"https:\/\/www.himyapinsaat.com\/2020\/wp-json\/wp\/v2\/comments?post=481"}],"version-history":[{"count":10,"href":"https:\/\/www.himyapinsaat.com\/2020\/wp-json\/wp\/v2\/pages\/481\/revisions"}],"predecessor-version":[{"id":836,"href":"https:\/\/www.himyapinsaat.com\/2020\/wp-json\/wp\/v2\/pages\/481\/revisions\/836"}],"wp:attachment":[{"href":"https:\/\/www.himyapinsaat.com\/2020\/wp-json\/wp\/v2\/media?parent=481"}],"curies":[{"name":"wp","href":"https:\/\/api.w.org\/{rel}","templated":true}]}}