{"id":295,"date":"2016-07-22T14:14:36","date_gmt":"2016-07-22T14:14:36","guid":{"rendered":"http:\/\/udesigntheme.com\/demos-for-export\/ubuild\/?page_id=6"},"modified":"2021-11-23T13:47:56","modified_gmt":"2021-11-23T13:47:56","slug":"hakkimizda","status":"publish","type":"page","link":"https:\/\/www.himyapinsaat.com\/2020\/hakkimizda\/","title":{"rendered":"Hakk\u0131m\u0131zda"},"content":{"rendered":"[vc_row][vc_column width=&#8221;1\/4&#8243;][vc_single_image image=&#8221;376&#8243; img_size=&#8221;full&#8221; alignment=&#8221;center&#8221;][\/vc_column][vc_column width=&#8221;3\/4&#8243;][vc_column_text]\n<h3>Biz Kimiz?<\/h3>\n[\/vc_column_text][vc_separator][vc_column_text]Bir aile \u015firketi olan H\u0130M-YAP \u0130n\u015faat, 45 y\u0131ldan beridir aktif olarak in\u015faat sekt\u00f6r\u00fcn\u00fcn de\u011fi\u015fik alanlar\u0131nda faaliyetlerine devam etmektedir.<\/p>\n<p>Son y\u0131llarda a\u011f\u0131rl\u0131kl\u0131 olarak sanayi yap\u0131lar\u0131nda faaliyetlerini yo\u011funla\u015ft\u0131ran Him-Yap \u0130n\u015faat ge\u00e7mi\u015f y\u0131llarda, Kara Yolu, K\u00f6pr\u00fc, \u0130\u00e7me Suyu ve Sulama Suyu \u015febekeleri in\u015faat\u0131 gibi alanlarda da taahh\u00fctler ger\u00e7ekle\u015ftirmi\u015ftir.<\/p>\n<p>Bunlar\u0131n yan\u0131nda, Him-Yap \u0130n\u015faat, Otoyol projesi in\u015faatlar\u0131nda, Madencilik sekt\u00f6r\u00fcnde Dekupaj projelerinde, Do\u011falgaz ve Petrol boru hatlar\u0131 in\u015faatlar\u0131nda da deneyimlere sahiptir.[\/vc_column_text][vc_column_text]\n<p style=\"text-align: right;\">\u0130mdat ORHAN<\/p>\n<p style=\"text-align: right;\">Gen Mdr. (\u0130n\u015f M\u00fch \u0130T\u00dc)<\/p>\n<p style=\"text-align: right;\">+90 532 504 4483<\/p>\n[\/vc_column_text][\/vc_column][\/vc_row][vc_row][vc_column width=&#8221;1\/2&#8243;][vc_custom_heading text=&#8221;Misyonumuz&#8221; google_fonts=&#8221;font_family:Comfortaa%3A300%2Cregular%2C700|font_style:700%20bold%20regular%3A700%3Anormal&#8221;][\/vc_column][vc_column width=&#8221;1\/2&#8243;][\/vc_column][\/vc_row][vc_row][vc_column][vc_column_text]Him-Yap \u0130n\u015faat t\u00fcm taahh\u00fctlerinde, T\u00fcrkiye Cumhuriyeti kanun ve y\u00f6netmeliklerine uymay\u0131, in\u015faat sekt\u00f6r\u00fcn\u00fcn gerektirdi\u011fi etik kurallara riayet etmeyi ve\u00a0<strong>M\u00fchendislik mesle\u011finin sa\u011flaml\u0131k ve kalite standartlar\u0131na<\/strong> ko\u015fulsuz sad\u0131k kalmay\u0131 kendisine ilke edinmi\u015ftir. Sahip oldu\u011fumuz 45 y\u0131ll\u0131k deneyim t\u00fcm faaliyetlerimizde bize \u0131\u015f\u0131k tutmaktad\u0131r.[\/vc_column_text][\/vc_column][\/vc_row][vc_row][vc_column width=&#8221;2\/3&#8243;][vc_column_text]<strong>De\u011ferlerimiz ve \u0130\u015f \u0130lkelerimiz.<\/strong><\/p>\n<ul>\n<li>M\u00fc\u015fteri memnuniyetini her \u015feyin \u00fczerinde tutmak.<\/li>\n<li>De\u011fi\u015fime ve geli\u015fime a\u00e7\u0131k olmak.<\/li>\n<li>Yapt\u0131\u011f\u0131 i\u015fte en iyisini ger\u00e7ekle\u015ftirdi\u011fine dair inan\u00e7l\u0131 ve hevesli olmak.<\/li>\n<li>En \u00f6nemli Sermayemizin insan kayna\u011f\u0131 oldu\u011funu unutmamak.<\/li>\n<li>S\u00fcrekli geli\u015fmek i\u00e7in fon, maddi kaynak ve nitelikli i\u015f g\u00fcc\u00fc yaratmak.<\/li>\n<li>\u0130\u015fimizle ilgili \u00fcst\u00fcn bir etik ve moral anlay\u0131\u015fa sahip olmak.<\/li>\n<li>\u015eirketimizin i\u015f k\u00fclt\u00fcr\u00fcn\u00fcn, itibar\u0131n\u0131n ve ideallerinin, ki\u015fisel kazan\u00e7lar\u0131m\u0131z\u0131n \u00f6n\u00fcnde geldi\u011fini bilmek.<\/li>\n<li>Ast-\u00fcst ili\u015fkilerinde ho\u015fg\u00f6r\u00fc, demokrasi ve ideallere sayg\u0131 g\u00f6stermek.<\/li>\n<\/ul>\n[\/vc_column_text][\/vc_column][vc_column width=&#8221;1\/3&#8243;][vc_single_image image=&#8221;420&#8243; img_size=&#8221;full&#8221;][\/vc_column][\/vc_row][vc_row css=&#8221;.vc_custom_1586123627532{margin-top: -30px !important;}&#8221;][vc_column width=&#8221;1\/2&#8243;][\/vc_column][vc_column width=&#8221;1\/2&#8243;][\/vc_column][vc_column width=&#8221;1\/4&#8243;][vc_empty_space height=&#8221;100px&#8221;][vc_single_image image=&#8221;595&#8243; img_size=&#8221;full&#8221;][\/vc_column][vc_column width=&#8221;3\/4&#8243;][vc_custom_heading text=&#8221;Kalite Politikam\u0131z&#8221; font_container=&#8221;tag:h2|text_align:right&#8221; google_fonts=&#8221;font_family:Comfortaa%3A300%2Cregular%2C700|font_style:700%20bold%20regular%3A700%3Anormal&#8221; css=&#8221;.vc_custom_1586011561498{margin-top: 50px !important;}&#8221;][vc_column_text]\n<ul>\n<li>Hizmet Kalitesi ve g\u00fcvenirli\u011finin, insanlar\u0131n hayat\u0131 ve yap\u0131lar\u0131n\u0131n \u00f6mr\u00fc ile ba\u011flant\u0131l\u0131 oldu\u011funun bilinci ile \u00e7al\u0131\u015fmak.<\/li>\n<li>\u00dcr\u00fcn ve hizmetlerimizde ahlaki kaliteyi en \u00fcstte tutarak prensiplerimizden asla \u00f6d\u00fcn vermeden kullan\u0131\u015fl\u0131 \u00a0ve y\u00fcksek kaliteli binalar ve ya\u015fam alanlar\u0131 \u00fcretmek.<\/li>\n<li>\u015eirketimizin b\u00fct\u00fcn maddi ve manevi kaynaklar\u0131n\u0131 ve yeteneklerini, m\u00fckemmelli\u011fe eri\u015fmek i\u00e7in s\u00fcrekli canl\u0131 tutmak, t\u00fcm g\u00fcc\u00fcm\u00fcz\u00fc en iyi hizmet i\u00e7in seferber etmek.<\/li>\n<li>HimYap \u0130n\u015faat\u2019\u0131 sekt\u00f6r\u00fcm\u00fcz\u00fcn sayg\u0131de\u011fer ve \u00f6rnek al\u0131nacak markalar\u0131ndan biri haline getirmek.<\/li>\n<li>%100 M\u00fc\u015fteri mutlulu\u011fu sa\u011flamak.<\/li>\n<\/ul>\n[\/vc_column_text][\/vc_column][\/vc_row][vc_row css=&#8221;.vc_custom_1586123587065{margin-top: 20px !important;margin-bottom: 20px !important;}&#8221;][vc_column width=&#8221;1\/2&#8243;][vc_column_text css_animation=&#8221;appear&#8221; css=&#8221;.vc_custom_1586123541962{padding-right: 20px !important;padding-left: 20px !important;}&#8221;]\n<h4>\u00dcretimde M\u00fckemmelliyet<\/h4>\n<p><i class=\"fa fa-area-chart circle-wrap\" style=\"color: #ffd501; font-size: 3.2em; float: right; margin-bottom: 50px; margin-left: 15px;\"><!-- icon --><\/i><br \/>\nHimYap \u0130n\u015faat rekabetin oldu\u011fu g\u00fcn\u00fcm\u00fcz i\u015f d\u00fcnyas\u0131nda \u015firketleri birbirinden ay\u0131ran noktan\u0131n kaliteye olan ba\u011fl\u0131l\u0131k oldu\u011funun bilincindedir.<\/p>\n<p>M\u00fc\u015fterilerimizin ihtiya\u00e7lar\u0131n\u0131 anlamak ve beklentilerini kar\u015f\u0131lamak \u00f6ncelikli hedefimizdir. Projenin her a\u015famas\u0131nda y\u00fcksek performans ve arzu edilen kaliteyi sa\u011flayabilmek i\u00e7in profesyonel HimYap \u00e7al\u0131\u015fanlar\u0131 s\u00fcrekli olarak m\u00fc\u015fterilerimizle interaktif ileti\u015fimdedir.<\/p>\n<p>HimYap \u0130n\u015faat olarak m\u00fc\u015fteri memnuniyetini saha i\u00e7inde ve d\u0131\u015f\u0131nda yapt\u0131\u011f\u0131m\u0131z g\u00f6r\u00fc\u015fmelerle d\u00fczenli olarak \u00f6l\u00e7mekte ve s\u00fcrekli iyile\u015ftirme anlay\u0131\u015f\u0131 ile servis kalitesini sistemli bir \u015fekilde geli\u015ftirmekteyiz.[\/vc_column_text][\/vc_column][vc_column width=&#8221;1\/2&#8243;][vc_column_text css_animation=&#8221;appear&#8221; css=&#8221;.vc_custom_1586123560301{padding-right: 20px !important;padding-left: 20px !important;}&#8221;]\n<h4>\u0130nsan Kaynaklar\u0131 Yat\u0131r\u0131m\u0131<\/h4>\n<p><i class=\"fa fa-users circle-wrap\" style=\"color: #ffd501; font-size: 3.2em; float: right; margin-bottom: 50px; margin-left: 15px;\"><!-- icon --><\/i><br \/>\nHimYap \u0130n\u015faat olarak se\u00e7kin yeteneklere ve vas\u0131flara sahip \u00e7al\u0131\u015fanlar\u0131m\u0131z\u0131n yaratt\u0131\u011f\u0131 tak\u0131m ruhu ile hedeflenen ama\u00e7lara ba\u015far\u0131 ile ula\u015fmaktay\u0131z.<\/p>\n<p>\u00c7al\u0131\u015fanlar\u0131m\u0131z\u0131n yetkinliklerini art\u0131rmak, ki\u015fisel geli\u015fimlerine katk\u0131da bulunmak ve ama\u00e7lar\u0131na ula\u015fmada ihtiya\u00e7 duyduklar\u0131 motivasyonu sa\u011flamak i\u00e7in gerekli e\u011fitim deste\u011fini sa\u011fl\u0131yoruz.<\/p>\n<p>Ba\u015far\u0131m\u0131zda en b\u00fcy\u00fck paya sahip \u00e7al\u0131\u015fanlar\u0131m\u0131z\u0131n en de\u011ferli kayna\u011f\u0131m\u0131z oldu\u011funu biliyor ve onlara yat\u0131r\u0131m yapmaktan mutluluk duyuyoruz.[\/vc_column_text][\/vc_column][\/vc_row][vc_row full_width=&#8221;stretch_row&#8221; css=&#8221;.vc_custom_1586013064505{margin-bottom: -50px !important;background-color: #ffc200 !important;}&#8221;][vc_column width=&#8221;5\/6&#8243; css=&#8221;.vc_custom_1469199173623{padding-top: 15px !important;padding-bottom: 15px !important;}&#8221;][vc_single_image image=&#8221;815&#8243; img_size=&#8221;full&#8221; alignment=&#8221;right&#8221;][\/vc_column][vc_column width=&#8221;1\/6&#8243;][vc_btn title=&#8221;PDF Bro\u015f\u00fcr&#8221; color=&#8221;black&#8221; align=&#8221;center&#8221; link=&#8221;url:https%3A%2F%2Fdrive.google.com%2Ffile%2Fd%2F1k9EHxmRIkVCE1tE1RRAdxYJzOzNOZyZ5%2Fview%3Fusp%3Dsharing||target:%20_blank|&#8221;][\/vc_column][\/vc_row]\n","protected":false},"excerpt":{"rendered":"<p>[vc_row][vc_column width=&#8221;1\/4&#8243;][vc_single_image image=&#8221;376&#8243; img_size=&#8221;full&#8221; alignment=&#8221;center&#8221;][\/vc_column][vc_column width=&#8221;3\/4&#8243;][vc_column_text] Biz Kimiz? [\/vc_column_text][vc_separator][vc_column_text]Bir aile \u015firketi olan H\u0130M-YAP \u0130n\u015faat, 45 y\u0131ldan beridir aktif olarak in\u015faat sekt\u00f6r\u00fcn\u00fcn de\u011fi\u015fik alanlar\u0131nda faaliyetlerine devam etmektedir. Son y\u0131llarda a\u011f\u0131rl\u0131kl\u0131 olarak sanayi yap\u0131lar\u0131nda faaliyetlerini yo\u011funla\u015ft\u0131ran Him-Yap \u0130n\u015faat ge\u00e7mi\u015f y\u0131llarda, Kara Yolu, K\u00f6pr\u00fc, \u0130\u00e7me Suyu ve Sulama Suyu \u015febekeleri<\/p>\n","protected":false},"author":1,"featured_media":0,"parent":0,"menu_order":0,"comment_status":"closed","ping_status":"closed","template":"page-FullWidth.php","meta":[],"_links":{"self":[{"href":"https:\/\/www.himyapinsaat.com\/2020\/wp-json\/wp\/v2\/pages\/295"}],"collection":[{"href":"https:\/\/www.himyapinsaat.com\/2020\/wp-json\/wp\/v2\/pages"}],"about":[{"href":"https:\/\/www.himyapinsaat.com\/2020\/wp-json\/wp\/v2\/types\/page"}],"author":[{"embeddable":true,"href":"https:\/\/www.himyapinsaat.com\/2020\/wp-json\/wp\/v2\/users\/1"}],"replies":[{"embeddable":true,"href":"https:\/\/www.himyapinsaat.com\/2020\/wp-json\/wp\/v2\/comments?post=295"}],"version-history":[{"count":49,"href":"https:\/\/www.himyapinsaat.com\/2020\/wp-json\/wp\/v2\/pages\/295\/revisions"}],"predecessor-version":[{"id":834,"href":"https:\/\/www.himyapinsaat.com\/2020\/wp-json\/wp\/v2\/pages\/295\/revisions\/834"}],"wp:attachment":[{"href":"https:\/\/www.himyapinsaat.com\/2020\/wp-json\/wp\/v2\/media?parent=295"}],"curies":[{"name":"wp","href":"https:\/\/api.w.org\/{rel}","templated":true}]}}